{"id":350,"date":"2023-08-29T12:35:22","date_gmt":"2023-08-29T17:35:22","guid":{"rendered":"https:\/\/sig.areacuadrada.com\/?page_id=350"},"modified":"2025-08-14T08:32:54","modified_gmt":"2025-08-14T13:32:54","slug":"contratistas","status":"publish","type":"page","link":"https:\/\/sig.areacuadrada.com\/?page_id=350","title":{"rendered":"Contratistas"},"content":{"rendered":"<p>[et_pb_section fb_built=\u00bb1&#8243; _builder_version=\u00bb4.21.0&#8243; _module_preset=\u00bbdefault\u00bb global_colors_info=\u00bb{}\u00bb][et_pb_row _builder_version=\u00bb4.21.0&#8243; _module_preset=\u00bbdefault\u00bb custom_margin=\u00bb-67px||||false|false\u00bb global_colors_info=\u00bb{}\u00bb][et_pb_column type=\u00bb4_4&#8243; _builder_version=\u00bb4.21.0&#8243; _module_preset=\u00bbdefault\u00bb global_colors_info=\u00bb{}\u00bb][et_pb_image src=\u00bbhttps:\/\/sig.areacuadrada.com\/wp-content\/uploads\/2025\/08\/5contratistas.jpg\u00bb title_text=\u00bb5contratistas\u00bb _builder_version=\u00bb4.21.0&#8243; _module_preset=\u00bbdefault\u00bb hover_enabled=\u00bb0&#8243; global_colors_info=\u00bb{}\u00bb sticky_enabled=\u00bb0&#8243;][\/et_pb_image][\/et_pb_column][\/et_pb_row][et_pb_row _builder_version=\u00bb4.21.0&#8243; _module_preset=\u00bbdefault\u00bb global_colors_info=\u00bb{}\u00bb][et_pb_column type=\u00bb4_4&#8243; _builder_version=\u00bb4.21.0&#8243; _module_preset=\u00bbdefault\u00bb global_colors_info=\u00bb{}\u00bb][et_pb_divider _builder_version=\u00bb4.21.0&#8243; _module_preset=\u00bbdefault\u00bb custom_margin=\u00bb-15px||||false|false\u00bb border_color_all=\u00bb#E09900&#8243; global_colors_info=\u00bb{}\u00bb][\/et_pb_divider][\/et_pb_column][\/et_pb_row][et_pb_row column_structure=\u00bb1_2,1_2&#8243; _builder_version=\u00bb4.21.0&#8243; _module_preset=\u00bbdefault\u00bb global_colors_info=\u00bb{}\u00bb][et_pb_column type=\u00bb1_2&#8243; _builder_version=\u00bb4.21.0&#8243; _module_preset=\u00bbdefault\u00bb global_colors_info=\u00bb{}\u00bb][et_pb_blurb title=\u00bbDOCUMENTOS CREACI\u00d3N DE PROVEEDORES \u00bb use_icon=\u00bbon\u00bb font_icon=\u00bb&#xe088;||divi||400&#8243; _builder_version=\u00bb4.21.0&#8243; _module_preset=\u00bbdefault\u00bb custom_padding=\u00bb10px|10px|10px|10px|false|false\u00bb global_colors_info=\u00bb{}\u00bb]<\/p>\n<p>1. Fotocopia del Rut vigente (persona natural)<br \/>2. Fotocopia del certificado de c\u00e1mara y comercio<br \/>3. Fotocopia de la c\u00e9dula de ciudadan\u00eda del representante legal<br \/>4. Licencia ambiental (si aplica)<br \/>5. Planilla de pago de seguridad social y parafiscales (\u00faltimos 2 meses)<br \/>6. Certificaci\u00f3n bancaria (si lo tiene)<br \/>7. RF01 inscripci\u00f3n de proveedores y contratista (formato de apoyo) diligenciado totalmente<\/p>\n<p>[\/et_pb_blurb][\/et_pb_column][et_pb_column type=\u00bb1_2&#8243; _builder_version=\u00bb4.21.0&#8243; _module_preset=\u00bbdefault\u00bb global_colors_info=\u00bb{}\u00bb][et_pb_image src=\u00bbhttps:\/\/sig.areacuadrada.com\/wp-content\/uploads\/2023\/08\/folder-4119674_640.jpg\u00bb title_text=\u00bbfolder-4119674_640&#8243; _builder_version=\u00bb4.21.0&#8243; _module_preset=\u00bbdefault\u00bb width=\u00bb97%\u00bb custom_padding=\u00bb10px|10px|10px|10px|false|false\u00bb border_radii=\u00bbon|200px|200px|200px|200px\u00bb box_shadow_style=\u00bbpreset1&#8243; global_colors_info=\u00bb{}\u00bb][\/et_pb_image][\/et_pb_column][\/et_pb_row][et_pb_row column_structure=\u00bb1_2,1_2&#8243; _builder_version=\u00bb4.21.0&#8243; _module_preset=\u00bbdefault\u00bb global_colors_info=\u00bb{}\u00bb][et_pb_column type=\u00bb1_2&#8243; _builder_version=\u00bb4.21.0&#8243; _module_preset=\u00bbdefault\u00bb global_colors_info=\u00bb{}\u00bb][et_pb_image src=\u00bbhttps:\/\/sig.areacuadrada.com\/wp-content\/uploads\/2025\/03\/INDUCCION-CONTRATISTAS.png\u00bb title_text=\u00bbINDUCCION CONTRATISTAS\u00bb url=\u00bbhttps:\/\/docs.google.com\/presentation\/d\/1pNwlFFi7eL9fWIQFZBntVSRrdHH8kia5\/edit?usp=sharing&#038;ouid=109842143806173555869&#038;rtpof=true&#038;sd=true\u00bb url_new_window=\u00bbon\u00bb _builder_version=\u00bb4.21.0&#8243; _module_preset=\u00bbdefault\u00bb custom_padding=\u00bb0px||0px|||\u00bb global_colors_info=\u00bb{}\u00bb][\/et_pb_image][\/et_pb_column][et_pb_column type=\u00bb1_2&#8243; _builder_version=\u00bb4.21.0&#8243; _module_preset=\u00bbdefault\u00bb global_colors_info=\u00bb{}\u00bb][et_pb_image src=\u00bbhttps:\/\/sig.areacuadrada.com\/wp-content\/uploads\/2025\/03\/EVALUACION-CONTRATISTAS.png\u00bb title_text=\u00bbEVALUACION CONTRATISTAS\u00bb url=\u00bbhttps:\/\/forms.gle\/cU7fNPYjyPBhUCQ59&#8243; url_new_window=\u00bbon\u00bb _builder_version=\u00bb4.21.0&#8243; _module_preset=\u00bbdefault\u00bb custom_margin=\u00bb||15px|||\u00bb global_colors_info=\u00bb{}\u00bb][\/et_pb_image][\/et_pb_column][\/et_pb_row][et_pb_row _builder_version=\u00bb4.21.0&#8243; _module_preset=\u00bbdefault\u00bb global_colors_info=\u00bb{}\u00bb][et_pb_column type=\u00bb4_4&#8243; _builder_version=\u00bb4.21.0&#8243; _module_preset=\u00bbdefault\u00bb global_colors_info=\u00bb{}\u00bb][et_pb_slider _builder_version=\u00bb4.21.0&#8243; _module_preset=\u00bbdefault\u00bb global_colors_info=\u00bb{}\u00bb][et_pb_slide heading=\u00bbInstructivo Cuentas de Cobro\u00bb button_text=\u00bbVer aqu\u00ed\u00bb button_link=\u00bbhttps:\/\/sig.areacuadrada.com\/wp-content\/uploads\/2023\/08\/Anexo-2.-Instructivo-Cuentas-de-Cobro.pdf\u00bb url_new_window=\u00bbon\u00bb image=\u00bbhttps:\/\/sig.areacuadrada.com\/wp-content\/uploads\/2023\/08\/cuentascobro.jpg\u00bb _builder_version=\u00bb4.21.0&#8243; _module_preset=\u00bbdefault\u00bb background_color=\u00bb#7CDA24&#8243; background_enable_color=\u00bbon\u00bb use_background_color_gradient=\u00bbon\u00bb background_color_gradient_stops=\u00bb#2b87da 0%|rgba(42, 153, 203, 1) 30%|rgba(42, 173, 187, 1) 63%|#29c4a9 100%\u00bb background_enable_mask_style=\u00bbon\u00bb background_mask_color=\u00bb#0C71C3&#8243; link_option_url_new_window=\u00bbon\u00bb global_colors_info=\u00bb{}\u00bb sticky_transition=\u00bbon\u00bb]<\/p>\n<p style=\"text-align: justify;\">Consulte el proceso de radicaci\u00f3n de cuentas de cobro y evite que sea devuelta.<\/p>\n<p>[\/et_pb_slide][et_pb_slide heading=\u00bbInstructivo Recepci\u00f3n de Facturaci\u00f3n.\u00bb button_text=\u00bbVer aqu\u00ed\u00bb button_link=\u00bbhttps:\/\/sig.areacuadrada.com\/wp-content\/uploads\/2023\/08\/Anexo3.-Recepcion-de-facturacion.pdf\u00bb url_new_window=\u00bbon\u00bb image=\u00bbhttps:\/\/sig.areacuadrada.com\/wp-content\/uploads\/2023\/08\/facturacion.jpg\u00bb _builder_version=\u00bb4.21.0&#8243; _module_preset=\u00bbdefault\u00bb background_color=\u00bb#7CDA24&#8243; background_enable_color=\u00bbon\u00bb use_background_color_gradient=\u00bbon\u00bb background_color_gradient_stops=\u00bb#2b87da 0%|rgba(42, 153, 203, 1) 30%|rgba(42, 173, 187, 1) 63%|#29c4a9 100%\u00bb background_enable_mask_style=\u00bbon\u00bb background_mask_color=\u00bb#0C71C3&#8243; global_colors_info=\u00bb{}\u00bb sticky_transition=\u00bbon\u00bb]<\/p>\n<p>Consulte el proceso de radicaci\u00f3n de cuentas de cobro y evite que sea devuelta.<\/p>\n<p>[\/et_pb_slide][\/et_pb_slider][\/et_pb_column][\/et_pb_row][et_pb_row _builder_version=\u00bb4.21.0&#8243; _module_preset=\u00bbdefault\u00bb global_colors_info=\u00bb{}\u00bb][et_pb_column type=\u00bb4_4&#8243; _builder_version=\u00bb4.21.0&#8243; _module_preset=\u00bbdefault\u00bb global_colors_info=\u00bb{}\u00bb][et_pb_image src=\u00bbhttps:\/\/sig.areacuadrada.com\/wp-content\/uploads\/2025\/02\/4-1.jpg\u00bb title_text=\u00bb4&#8243; url=\u00bbhttps:\/\/areacuadrada.dataprotected.co\/\u00bb url_new_window=\u00bbon\u00bb _builder_version=\u00bb4.21.0&#8243; _module_preset=\u00bbdefault\u00bb custom_margin=\u00bb-3px||-40px||false|false\u00bb animation_style=\u00bbfold\u00bb global_colors_info=\u00bb{}\u00bb][\/et_pb_image][\/et_pb_column][\/et_pb_row][\/et_pb_section]<\/p>\n","protected":false},"excerpt":{"rendered":"<p>1. Fotocopia del Rut vigente (persona natural)2. Fotocopia del certificado de c\u00e1mara y comercio3. Fotocopia de la c\u00e9dula de ciudadan\u00eda del representante legal4. Licencia ambiental (si aplica)5. Planilla de pago de seguridad social y parafiscales (\u00faltimos 2 meses)6. Certificaci\u00f3n bancaria (si lo tiene)7. RF01 inscripci\u00f3n de proveedores y contratista (formato de apoyo) diligenciado totalmenteConsulte el [&hellip;]<\/p>\n","protected":false},"author":1,"featured_media":0,"parent":0,"menu_order":0,"comment_status":"closed","ping_status":"closed","template":"","meta":{"_et_pb_use_builder":"on","_et_pb_old_content":"<!-- wp:divi\/placeholder \/-->","_et_gb_content_width":"","footnotes":""},"class_list":["post-350","page","type-page","status-publish","hentry"],"_links":{"self":[{"href":"https:\/\/sig.areacuadrada.com\/index.php?rest_route=\/wp\/v2\/pages\/350","targetHints":{"allow":["GET"]}}],"collection":[{"href":"https:\/\/sig.areacuadrada.com\/index.php?rest_route=\/wp\/v2\/pages"}],"about":[{"href":"https:\/\/sig.areacuadrada.com\/index.php?rest_route=\/wp\/v2\/types\/page"}],"author":[{"embeddable":true,"href":"https:\/\/sig.areacuadrada.com\/index.php?rest_route=\/wp\/v2\/users\/1"}],"replies":[{"embeddable":true,"href":"https:\/\/sig.areacuadrada.com\/index.php?rest_route=%2Fwp%2Fv2%2Fcomments&post=350"}],"version-history":[{"count":21,"href":"https:\/\/sig.areacuadrada.com\/index.php?rest_route=\/wp\/v2\/pages\/350\/revisions"}],"predecessor-version":[{"id":681,"href":"https:\/\/sig.areacuadrada.com\/index.php?rest_route=\/wp\/v2\/pages\/350\/revisions\/681"}],"wp:attachment":[{"href":"https:\/\/sig.areacuadrada.com\/index.php?rest_route=%2Fwp%2Fv2%2Fmedia&parent=350"}],"curies":[{"name":"wp","href":"https:\/\/api.w.org\/{rel}","templated":true}]}}